{"id":221,"date":"2022-06-14T09:08:31","date_gmt":"2022-06-14T07:08:31","guid":{"rendered":"http:\/\/sandbox.stephanielegrand.fr\/?page_id=221"},"modified":"2025-03-25T17:56:55","modified_gmt":"2025-03-25T16:56:55","slug":"mon-portfolio","status":"publish","type":"page","link":"https:\/\/stephanielegrand.fr\/index.php\/mon-portfolio\/","title":{"rendered":"Mon Portfolio"},"content":{"rendered":"<p>[et_pb_section fb_built=\u00a0\u00bb1&Prime; _builder_version=\u00a0\u00bb4.21.0&Prime; _module_preset=\u00a0\u00bbdefault\u00a0\u00bb background_enable_color=\u00a0\u00bboff\u00a0\u00bb positioning=\u00a0\u00bbnone\u00a0\u00bb custom_margin=\u00a0\u00bb0px||0px||false|false\u00a0\u00bb custom_padding=\u00a0\u00bb0px||0px||false|false\u00a0\u00bb global_colors_info=\u00a0\u00bb{}\u00a0\u00bb][et_pb_row _builder_version=\u00a0\u00bb4.21.0&Prime; _module_preset=\u00a0\u00bbdefault\u00a0\u00bb background_color=\u00a0\u00bb#ff0068&Prime; width=\u00a0\u00bb100%\u00a0\u00bb max_width=\u00a0\u00bb2508px\u00a0\u00bb custom_margin=\u00a0\u00bb0px|auto||auto|false|false\u00a0\u00bb custom_padding=\u00a0\u00bb1%||1%||false|false\u00a0\u00bb global_colors_info=\u00a0\u00bb{}\u00a0\u00bb][et_pb_column type=\u00a0\u00bb4_4&Prime; _builder_version=\u00a0\u00bb4.17.4&Prime; _module_preset=\u00a0\u00bbdefault\u00a0\u00bb global_colors_info=\u00a0\u00bb{}\u00a0\u00bb][et_pb_text _builder_version=\u00a0\u00bb4.21.0&Prime; _module_preset=\u00a0\u00bbdefault\u00a0\u00bb text_font=\u00a0\u00bbRaleway||||||||\u00a0\u00bb text_text_color=\u00a0\u00bb#FFFFFF\u00a0\u00bb text_font_size=\u00a0\u00bb22px\u00a0\u00bb header_font=\u00a0\u00bbCinzel||||||||\u00a0\u00bb header_text_align=\u00a0\u00bbcenter\u00a0\u00bb header_text_color=\u00a0\u00bb#FFFFFF\u00a0\u00bb header_font_size=\u00a0\u00bb36px\u00a0\u00bb header_2_font=\u00a0\u00bbCinzel||||||||\u00a0\u00bb header_2_text_color=\u00a0\u00bb#FFFFFF\u00a0\u00bb header_2_font_size=\u00a0\u00bb45px\u00a0\u00bb header_3_text_color=\u00a0\u00bb#FFFFFF\u00a0\u00bb text_orientation=\u00a0\u00bbcenter\u00a0\u00bb width=\u00a0\u00bb90%\u00a0\u00bb module_alignment=\u00a0\u00bbcenter\u00a0\u00bb custom_margin=\u00a0\u00bb10px||||false|false\u00a0\u00bb global_colors_info=\u00a0\u00bb{}\u00a0\u00bb]<\/p>\n<h1>Mon Portfolio<\/h1>\n<p>[\/et_pb_text][\/et_pb_column][\/et_pb_row][et_pb_row _builder_version=\u00a0\u00bb4.17.4&Prime; _module_preset=\u00a0\u00bbdefault\u00a0\u00bb custom_padding=\u00a0\u00bb34px||||false|false\u00a0\u00bb global_colors_info=\u00a0\u00bb{}\u00a0\u00bb][et_pb_column type=\u00a0\u00bb4_4&Prime; _builder_version=\u00a0\u00bb4.17.4&Prime; _module_preset=\u00a0\u00bbdefault\u00a0\u00bb global_colors_info=\u00a0\u00bb{}\u00a0\u00bb][et_pb_text _builder_version=\u00a0\u00bb4.21.0&Prime; _module_preset=\u00a0\u00bbdefault\u00a0\u00bb text_font=\u00a0\u00bbRaleway||||||||\u00a0\u00bb text_text_color=\u00a0\u00bb#252a5e\u00a0\u00bb text_font_size=\u00a0\u00bb16px\u00a0\u00bb text_line_height=\u00a0\u00bb1.8em\u00a0\u00bb text_orientation=\u00a0\u00bbcenter\u00a0\u00bb width=\u00a0\u00bb70%\u00a0\u00bb width_tablet=\u00a0\u00bb70%\u00a0\u00bb width_phone=\u00a0\u00bb95%\u00a0\u00bb width_last_edited=\u00a0\u00bbon|phone\u00a0\u00bb module_alignment=\u00a0\u00bbcenter\u00a0\u00bb global_colors_info=\u00a0\u00bb{}\u00a0\u00bb]<\/p>\n<p style=\"text-align: center;\">Voici ci-dessous certains des projets web que j&rsquo;ai effectu\u00e9e.<\/p>\n<p style=\"text-align: center;\">Mon portfolio contient des projets originaux qui m&rsquo;ont permis de progresser sur l&rsquo;aspect technique comme artistique de mon travail. Chaque projet \u00e0 son lot de difficult\u00e9s, mais \u00eatre capable de les surpasser est aussi ce qui rend le metier de webdesigner interessant !<\/p>\n<p>[\/et_pb_text][\/et_pb_column][\/et_pb_row][et_pb_row disabled_on=\u00a0\u00bbon|off|off\u00a0\u00bb _builder_version=\u00a0\u00bb4.27.4&Prime; _module_preset=\u00a0\u00bbdefault\u00a0\u00bb max_width=\u00a0\u00bb2560px\u00a0\u00bb custom_padding=\u00a0\u00bb50px|||||\u00a0\u00bb global_colors_info=\u00a0\u00bb{}\u00a0\u00bb][et_pb_column type=\u00a0\u00bb4_4&Prime; _builder_version=\u00a0\u00bb4.17.4&Prime; _module_preset=\u00a0\u00bbdefault\u00a0\u00bb global_colors_info=\u00a0\u00bb{}\u00a0\u00bb][et_pb_filterable_portfolio fullwidth=\u00a0\u00bboff\u00a0\u00bb posts_number=\u00a0\u00bb5&Prime; include_categories=\u00a0\u00bb8,14,22,17&Prime; show_categories=\u00a0\u00bboff\u00a0\u00bb zoom_icon_color=\u00a0\u00bbRGBA(255,255,255,0)\u00a0\u00bb hover_overlay_color=\u00a0\u00bbrgba(255,99,159,0.21)\u00a0\u00bb hover_icon=\u00a0\u00bb&#x41;||divi||400&Prime; disabled_on=\u00a0\u00bbon|off|off\u00a0\u00bb _builder_version=\u00a0\u00bb4.27.4&Prime; _module_preset=\u00a0\u00bbdefault\u00a0\u00bb title_text_align=\u00a0\u00bbcenter\u00a0\u00bb filter_font=\u00a0\u00bbCinzel||||||||\u00a0\u00bb filter_text_color=\u00a0\u00bb#2d3368&Prime; filter_font_size=\u00a0\u00bb22px\u00a0\u00bb pagination_text_color=\u00a0\u00bb#252A5E\u00a0\u00bb text_orientation=\u00a0\u00bbcenter\u00a0\u00bb width=\u00a0\u00bb100%\u00a0\u00bb width_tablet=\u00a0\u00bb100%\u00a0\u00bb width_phone=\u00a0\u00bb100%\u00a0\u00bb width_last_edited=\u00a0\u00bbon|tablet\u00a0\u00bb custom_margin=\u00a0\u00bb||||false|false\u00a0\u00bb custom_padding=\u00a0\u00bb0px||||false|false\u00a0\u00bb hover_enabled=\u00a0\u00bb0&Prime; filter_font_size_tablet=\u00a0\u00bb22px\u00a0\u00bb filter_font_size_phone=\u00a0\u00bb20px\u00a0\u00bb filter_font_size_last_edited=\u00a0\u00bbon|phone\u00a0\u00bb filter_line_height_tablet=\u00a0\u00bb\u00a0\u00bb filter_line_height_phone=\u00a0\u00bb1.4em\u00a0\u00bb filter_line_height_last_edited=\u00a0\u00bbon|phone\u00a0\u00bb text_orientation_tablet=\u00a0\u00bbcenter\u00a0\u00bb text_orientation_phone=\u00a0\u00bbjustified\u00a0\u00bb text_orientation_last_edited=\u00a0\u00bbon|phone\u00a0\u00bb custom_css_free_form=\u00a0\u00bb@media screen and (min-width:950px) {||.et_pb_filterable_portfolio .et_pb_portfolio_items, .et_pb_filterable_portfolio .et_pb_portfolio_items_wrapper {||    width: 100%;||    position: relative;||   display: flex ; ||  justify-content: center;||  }}||@media (min-width: 951px) {||.et_pb_grid_item.et_pb_portfolio_item{||    margin-right:5.5%!important;||  }||}||\u00a0\u00bb box_shadow_style_image=\u00a0\u00bbpreset3&Prime; global_colors_info=\u00a0\u00bb{}\u00a0\u00bb filter_text_color__hover_enabled=\u00a0\u00bbon|desktop\u00a0\u00bb filter_text_color__hover=\u00a0\u00bb#ff0068&Prime; pagination_text_color__hover_enabled=\u00a0\u00bbon|hover\u00a0\u00bb pagination_text_color__hover=\u00a0\u00bb#FF0068&Prime; sticky_enabled=\u00a0\u00bb0&Prime;][\/et_pb_filterable_portfolio][\/et_pb_column][\/et_pb_row][et_pb_row disabled_on=\u00a0\u00bboff|on|on\u00a0\u00bb _builder_version=\u00a0\u00bb4.27.4&Prime; _module_preset=\u00a0\u00bbdefault\u00a0\u00bb max_width=\u00a0\u00bb2560px\u00a0\u00bb custom_padding=\u00a0\u00bb50px|||||\u00a0\u00bb global_colors_info=\u00a0\u00bb{}\u00a0\u00bb][et_pb_column type=\u00a0\u00bb4_4&Prime; _builder_version=\u00a0\u00bb4.17.4&Prime; _module_preset=\u00a0\u00bbdefault\u00a0\u00bb global_colors_info=\u00a0\u00bb{}\u00a0\u00bb][et_pb_filterable_portfolio posts_number=\u00a0\u00bb5&Prime; include_categories=\u00a0\u00bb8,14,17,22&Prime; show_categories=\u00a0\u00bboff\u00a0\u00bb disabled_on=\u00a0\u00bboff|on|on\u00a0\u00bb _builder_version=\u00a0\u00bb4.27.4&Prime; _module_preset=\u00a0\u00bbdefault\u00a0\u00bb title_text_align=\u00a0\u00bbcenter\u00a0\u00bb filter_font=\u00a0\u00bbCinzel||||||||\u00a0\u00bb filter_text_color=\u00a0\u00bb#2d3368&Prime; filter_font_size=\u00a0\u00bb22px\u00a0\u00bb text_orientation=\u00a0\u00bbcenter\u00a0\u00bb width=\u00a0\u00bb100%\u00a0\u00bb width_tablet=\u00a0\u00bb100%\u00a0\u00bb width_phone=\u00a0\u00bb100%\u00a0\u00bb width_last_edited=\u00a0\u00bbon|tablet\u00a0\u00bb custom_padding=\u00a0\u00bb0px||||false|false\u00a0\u00bb filter_font_size_tablet=\u00a0\u00bb22px\u00a0\u00bb filter_font_size_phone=\u00a0\u00bb20px\u00a0\u00bb filter_font_size_last_edited=\u00a0\u00bbon|phone\u00a0\u00bb filter_line_height_tablet=\u00a0\u00bb\u00a0\u00bb filter_line_height_phone=\u00a0\u00bb1.4em\u00a0\u00bb filter_line_height_last_edited=\u00a0\u00bbon|phone\u00a0\u00bb text_orientation_tablet=\u00a0\u00bbcenter\u00a0\u00bb text_orientation_phone=\u00a0\u00bbjustified\u00a0\u00bb text_orientation_last_edited=\u00a0\u00bbon|phone\u00a0\u00bb custom_css_portfolio_filters=\u00a0\u00bbdisplay:none;\u00a0\u00bb box_shadow_style_image=\u00a0\u00bbpreset3&Prime; global_colors_info=\u00a0\u00bb{}\u00a0\u00bb filter_text_color__hover_enabled=\u00a0\u00bbon|hover\u00a0\u00bb filter_text_color__hover=\u00a0\u00bb#ff0068&Prime;][\/et_pb_filterable_portfolio][\/et_pb_column][\/et_pb_row][\/et_pb_section]<\/p>\n","protected":false},"excerpt":{"rendered":"<p>Mon PortfolioVoici ci-dessous certains des projets web que j&rsquo;ai effectu\u00e9e. Mon portfolio contient des projets originaux qui m&rsquo;ont permis de progresser sur l&rsquo;aspect technique comme artistique de mon travail. Chaque projet \u00e0 son lot de difficult\u00e9s, mais \u00eatre capable de les surpasser est aussi ce qui rend le metier de webdesigner interessant !<\/p>\n","protected":false},"author":1,"featured_media":0,"parent":0,"menu_order":0,"comment_status":"closed","ping_status":"closed","template":"","meta":{"_et_pb_use_builder":"on","_et_pb_old_content":"","_et_gb_content_width":"","inline_featured_image":false,"footnotes":""},"class_list":["post-221","page","type-page","status-publish","hentry"],"yoast_head":"<!-- This site is optimized with the Yoast SEO plugin v25.9 - https:\/\/yoast.com\/wordpress\/plugins\/seo\/ -->\n<title>Mon Portfolio - Stephanie legrand<\/title>\n<meta name=\"robots\" content=\"index, follow, max-snippet:-1, max-image-preview:large, max-video-preview:-1\" \/>\n<link rel=\"canonical\" href=\"https:\/\/stephanielegrand.fr\/index.php\/mon-portfolio\/\" \/>\n<meta property=\"og:locale\" content=\"fr_FR\" \/>\n<meta property=\"og:type\" content=\"article\" \/>\n<meta property=\"og:title\" content=\"Mon Portfolio - Stephanie legrand\" \/>\n<meta property=\"og:description\" content=\"Mon PortfolioVoici ci-dessous certains des projets web que j&#039;ai effectu\u00e9e. Mon portfolio contient des projets originaux qui m&#039;ont permis de progresser sur l&#039;aspect technique comme artistique de mon travail. Chaque projet \u00e0 son lot de difficult\u00e9s, mais \u00eatre capable de les surpasser est aussi ce qui rend le metier de webdesigner interessant !\" \/>\n<meta property=\"og:url\" content=\"https:\/\/stephanielegrand.fr\/index.php\/mon-portfolio\/\" \/>\n<meta property=\"og:site_name\" content=\"Stephanie legrand\" \/>\n<meta property=\"article:modified_time\" content=\"2025-03-25T16:56:55+00:00\" \/>\n<meta name=\"twitter:card\" content=\"summary_large_image\" \/>\n<meta name=\"twitter:label1\" content=\"Dur\u00e9e de lecture estim\u00e9e\" \/>\n\t<meta name=\"twitter:data1\" content=\"4 minutes\" \/>\n<script type=\"application\/ld+json\" class=\"yoast-schema-graph\">{\"@context\":\"https:\/\/schema.org\",\"@graph\":[{\"@type\":\"WebPage\",\"@id\":\"https:\/\/stephanielegrand.fr\/index.php\/mon-portfolio\/\",\"url\":\"https:\/\/stephanielegrand.fr\/index.php\/mon-portfolio\/\",\"name\":\"Mon Portfolio - Stephanie legrand\",\"isPartOf\":{\"@id\":\"https:\/\/stephanielegrand.fr\/#website\"},\"datePublished\":\"2022-06-14T07:08:31+00:00\",\"dateModified\":\"2025-03-25T16:56:55+00:00\",\"breadcrumb\":{\"@id\":\"https:\/\/stephanielegrand.fr\/index.php\/mon-portfolio\/#breadcrumb\"},\"inLanguage\":\"fr-FR\",\"potentialAction\":[{\"@type\":\"ReadAction\",\"target\":[\"https:\/\/stephanielegrand.fr\/index.php\/mon-portfolio\/\"]}]},{\"@type\":\"BreadcrumbList\",\"@id\":\"https:\/\/stephanielegrand.fr\/index.php\/mon-portfolio\/#breadcrumb\",\"itemListElement\":[{\"@type\":\"ListItem\",\"position\":1,\"name\":\"Accueil\",\"item\":\"https:\/\/stephanielegrand.fr\/\"},{\"@type\":\"ListItem\",\"position\":2,\"name\":\"Mon Portfolio\"}]},{\"@type\":\"WebSite\",\"@id\":\"https:\/\/stephanielegrand.fr\/#website\",\"url\":\"https:\/\/stephanielegrand.fr\/\",\"name\":\"Stephanie legrand\",\"description\":\"Web Designer et communication digitale\",\"potentialAction\":[{\"@type\":\"SearchAction\",\"target\":{\"@type\":\"EntryPoint\",\"urlTemplate\":\"https:\/\/stephanielegrand.fr\/?s={search_term_string}\"},\"query-input\":{\"@type\":\"PropertyValueSpecification\",\"valueRequired\":true,\"valueName\":\"search_term_string\"}}],\"inLanguage\":\"fr-FR\"}]}<\/script>\n<!-- \/ Yoast SEO plugin. -->","yoast_head_json":{"title":"Mon Portfolio - Stephanie legrand","robots":{"index":"index","follow":"follow","max-snippet":"max-snippet:-1","max-image-preview":"max-image-preview:large","max-video-preview":"max-video-preview:-1"},"canonical":"https:\/\/stephanielegrand.fr\/index.php\/mon-portfolio\/","og_locale":"fr_FR","og_type":"article","og_title":"Mon Portfolio - Stephanie legrand","og_description":"Mon PortfolioVoici ci-dessous certains des projets web que j'ai effectu\u00e9e. Mon portfolio contient des projets originaux qui m'ont permis de progresser sur l'aspect technique comme artistique de mon travail. Chaque projet \u00e0 son lot de difficult\u00e9s, mais \u00eatre capable de les surpasser est aussi ce qui rend le metier de webdesigner interessant !","og_url":"https:\/\/stephanielegrand.fr\/index.php\/mon-portfolio\/","og_site_name":"Stephanie legrand","article_modified_time":"2025-03-25T16:56:55+00:00","twitter_card":"summary_large_image","twitter_misc":{"Dur\u00e9e de lecture estim\u00e9e":"4 minutes"},"schema":{"@context":"https:\/\/schema.org","@graph":[{"@type":"WebPage","@id":"https:\/\/stephanielegrand.fr\/index.php\/mon-portfolio\/","url":"https:\/\/stephanielegrand.fr\/index.php\/mon-portfolio\/","name":"Mon Portfolio - Stephanie legrand","isPartOf":{"@id":"https:\/\/stephanielegrand.fr\/#website"},"datePublished":"2022-06-14T07:08:31+00:00","dateModified":"2025-03-25T16:56:55+00:00","breadcrumb":{"@id":"https:\/\/stephanielegrand.fr\/index.php\/mon-portfolio\/#breadcrumb"},"inLanguage":"fr-FR","potentialAction":[{"@type":"ReadAction","target":["https:\/\/stephanielegrand.fr\/index.php\/mon-portfolio\/"]}]},{"@type":"BreadcrumbList","@id":"https:\/\/stephanielegrand.fr\/index.php\/mon-portfolio\/#breadcrumb","itemListElement":[{"@type":"ListItem","position":1,"name":"Accueil","item":"https:\/\/stephanielegrand.fr\/"},{"@type":"ListItem","position":2,"name":"Mon Portfolio"}]},{"@type":"WebSite","@id":"https:\/\/stephanielegrand.fr\/#website","url":"https:\/\/stephanielegrand.fr\/","name":"Stephanie legrand","description":"Web Designer et communication digitale","potentialAction":[{"@type":"SearchAction","target":{"@type":"EntryPoint","urlTemplate":"https:\/\/stephanielegrand.fr\/?s={search_term_string}"},"query-input":{"@type":"PropertyValueSpecification","valueRequired":true,"valueName":"search_term_string"}}],"inLanguage":"fr-FR"}]}},"_links":{"self":[{"href":"https:\/\/stephanielegrand.fr\/index.php\/wp-json\/wp\/v2\/pages\/221","targetHints":{"allow":["GET"]}}],"collection":[{"href":"https:\/\/stephanielegrand.fr\/index.php\/wp-json\/wp\/v2\/pages"}],"about":[{"href":"https:\/\/stephanielegrand.fr\/index.php\/wp-json\/wp\/v2\/types\/page"}],"author":[{"embeddable":true,"href":"https:\/\/stephanielegrand.fr\/index.php\/wp-json\/wp\/v2\/users\/1"}],"replies":[{"embeddable":true,"href":"https:\/\/stephanielegrand.fr\/index.php\/wp-json\/wp\/v2\/comments?post=221"}],"version-history":[{"count":20,"href":"https:\/\/stephanielegrand.fr\/index.php\/wp-json\/wp\/v2\/pages\/221\/revisions"}],"predecessor-version":[{"id":977,"href":"https:\/\/stephanielegrand.fr\/index.php\/wp-json\/wp\/v2\/pages\/221\/revisions\/977"}],"wp:attachment":[{"href":"https:\/\/stephanielegrand.fr\/index.php\/wp-json\/wp\/v2\/media?parent=221"}],"curies":[{"name":"wp","href":"https:\/\/api.w.org\/{rel}","templated":true}]}}